{"id":487,"date":"2022-11-20T15:11:04","date_gmt":"2022-11-20T14:11:04","guid":{"rendered":"https:\/\/natura-kuverte.com\/?post_type=product&#038;p=487"},"modified":"2026-02-25T14:08:20","modified_gmt":"2026-02-25T13:08:20","slug":"kuverta-15x15-cl-2","status":"publish","type":"product","link":"https:\/\/natura-kuverte.com\/index.php\/proizvod\/kuverta-15x15-cl-2\/","title":{"rendered":"Kuverta 15*15 CL"},"content":{"rendered":"<p>Kuverta formata 15*15 cm. Kuverta za pozivnice nema utor za zatvaranje i nije samoljepljiva. Dostupne boje su; bijela, maslinasto zelena, be\u017e natur, sjajna be\u017e perla, prljavo roza i druge. Kuverta je pogodna za pozivnice za vjen\u010danje te za pe\u010datiranje voskom.<\/p>\n","protected":false},"excerpt":{"rendered":"<h2>Kvadratna kuverta 15*15 cm bez utora za zatvaranje. Kuverta nije samoljepljiva.<\/h2>\n<p>Minimalna koli\u010dina koja se isporu\u010duje je 75 komada.<\/p>\n<p>Informacije o vremenu isporuke, dostavi i na\u010dinu pla\u0107anja mo\u017eete vidjeti <a title=\"INFORMACIJE\" href=\"https:\/\/natura-kuverte.com\/index.php\/informacije\/\">OVDJE<\/a>.<\/p>\n<p><strong>Cijene:<\/strong><br \/>\nbijela kuverta 0,50 EUR<br \/>\nkuverta u boji 0,60 EUR<\/p>\n","protected":false},"featured_media":497,"comment_status":"open","ping_status":"closed","template":"","meta":[],"product_cat":[28,34],"product_tag":[47,30],"class_list":{"0":"post-487","1":"product","2":"type-product","3":"status-publish","4":"has-post-thumbnail","6":"product_cat-kuverte","7":"product_cat-svi-proizvodi","8":"product_tag-1515-cm","9":"product_tag-kuverta","11":"first","12":"instock","13":"shipping-taxable","14":"purchasable","15":"product-type-variable"},"exclude_global_add_ons":[],"addons":[],"aioseo_notices":[],"_links":{"self":[{"href":"https:\/\/natura-kuverte.com\/index.php\/wp-json\/wp\/v2\/product\/487","targetHints":{"allow":["GET"]}}],"collection":[{"href":"https:\/\/natura-kuverte.com\/index.php\/wp-json\/wp\/v2\/product"}],"about":[{"href":"https:\/\/natura-kuverte.com\/index.php\/wp-json\/wp\/v2\/types\/product"}],"replies":[{"embeddable":true,"href":"https:\/\/natura-kuverte.com\/index.php\/wp-json\/wp\/v2\/comments?post=487"}],"wp:featuredmedia":[{"embeddable":true,"href":"https:\/\/natura-kuverte.com\/index.php\/wp-json\/wp\/v2\/media\/497"}],"wp:attachment":[{"href":"https:\/\/natura-kuverte.com\/index.php\/wp-json\/wp\/v2\/media?parent=487"}],"wp:term":[{"taxonomy":"product_cat","embeddable":true,"href":"https:\/\/natura-kuverte.com\/index.php\/wp-json\/wp\/v2\/product_cat?post=487"},{"taxonomy":"product_tag","embeddable":true,"href":"https:\/\/natura-kuverte.com\/index.php\/wp-json\/wp\/v2\/product_tag?post=487"}],"curies":[{"name":"wp","href":"https:\/\/api.w.org\/{rel}","templated":true}]}}