{"id":312,"date":"2022-11-19T12:59:38","date_gmt":"2022-11-19T11:59:38","guid":{"rendered":"https:\/\/natura-kuverte.com\/?post_type=product&#038;p=312"},"modified":"2026-02-25T14:15:09","modified_gmt":"2026-02-25T13:15:09","slug":"kuverta-13x18-cm-uz","status":"publish","type":"product","link":"https:\/\/natura-kuverte.com\/index.php\/proizvod\/kuverta-13x18-cm-uz\/","title":{"rendered":"Kuverta 13*18 UZ"},"content":{"rendered":"<p>Kuverta sa suhim \u017eigom vijenca maslinovih gran\u010dica formata 13*18 cm. Kuverte za pozivnice za vjen\u010danje su dostupne u bordo, prljavo roza i vi\u0161e drugih boja.<\/p>\n","protected":false},"excerpt":{"rendered":"<h2>Kuverta formata 13*18 cm s utorom za zatvaranje i suhim \u017eigom uzorka masline.<\/h2>\n<p>Minimalna koli\u010dina koja se isporu\u010duje je 75 komada.<\/p>\n<p>Informacije o vremenu isporuke, dostavi i na\u010dinu pla\u0107anja mo\u017eete vidjeti <a title=\"INFORMACIJE\" href=\"https:\/\/natura-kuverte.com\/index.php\/informacije\/\">OVDJE<\/a>.<\/p>\n<p><strong>Cijene:<\/strong><br \/>\nbijela kuverta 0,60 EUR<br \/>\nkuverta u boji 0,70 EUR<\/p>\n","protected":false},"featured_media":322,"comment_status":"open","ping_status":"closed","template":"","meta":[],"product_cat":[28,34],"product_tag":[38,30,39,52],"class_list":{"0":"post-312","1":"product","2":"type-product","3":"status-publish","4":"has-post-thumbnail","6":"product_cat-kuverte","7":"product_cat-svi-proizvodi","8":"product_tag-1318-cm","9":"product_tag-kuverta","10":"product_tag-s-utorom-za-zatvaranje","11":"product_tag-suhi-zig","13":"first","14":"instock","15":"shipping-taxable","16":"purchasable","17":"product-type-variable"},"exclude_global_add_ons":[],"addons":[],"aioseo_notices":[],"_links":{"self":[{"href":"https:\/\/natura-kuverte.com\/index.php\/wp-json\/wp\/v2\/product\/312","targetHints":{"allow":["GET"]}}],"collection":[{"href":"https:\/\/natura-kuverte.com\/index.php\/wp-json\/wp\/v2\/product"}],"about":[{"href":"https:\/\/natura-kuverte.com\/index.php\/wp-json\/wp\/v2\/types\/product"}],"replies":[{"embeddable":true,"href":"https:\/\/natura-kuverte.com\/index.php\/wp-json\/wp\/v2\/comments?post=312"}],"wp:featuredmedia":[{"embeddable":true,"href":"https:\/\/natura-kuverte.com\/index.php\/wp-json\/wp\/v2\/media\/322"}],"wp:attachment":[{"href":"https:\/\/natura-kuverte.com\/index.php\/wp-json\/wp\/v2\/media?parent=312"}],"wp:term":[{"taxonomy":"product_cat","embeddable":true,"href":"https:\/\/natura-kuverte.com\/index.php\/wp-json\/wp\/v2\/product_cat?post=312"},{"taxonomy":"product_tag","embeddable":true,"href":"https:\/\/natura-kuverte.com\/index.php\/wp-json\/wp\/v2\/product_tag?post=312"}],"curies":[{"name":"wp","href":"https:\/\/api.w.org\/{rel}","templated":true}]}}