{"id":1767,"date":"2024-07-22T11:56:32","date_gmt":"2024-07-22T10:56:32","guid":{"rendered":"https:\/\/natura-kuverte.com\/?post_type=product&#038;p=1767"},"modified":"2026-02-10T14:46:32","modified_gmt":"2026-02-10T13:46:32","slug":"kuverta-125175-v-bijela-mat-pakiranje-25-kom","status":"publish","type":"product","link":"https:\/\/natura-kuverte.com\/index.php\/proizvod\/kuverta-125175-v-bijela-mat-pakiranje-25-kom\/","title":{"rendered":"Kuverta 12,5*17,5 V BIJELA MAT pakiranje 25 kom"},"content":{"rendered":"<p>Kuverta formata 12,5 * 17,5 cm, vertikalno orijentirana s utorom za zatvaranje. Bijela mat boja.<\/p>\n","protected":false},"excerpt":{"rendered":"<h2>Pakiranje od 25 komada. Kuverta formata 12,5 * 17,5 cm.<\/h2>\n<p>Informacije o vremenu isporuke, dostavi i na\u010dinu pla\u0107anja mo\u017eete vidjeti <a title=\"INFORMACIJE\" href=\"https:\/\/natura-kuverte.com\/index.php\/informacije\/\">OVDJE<\/a>.<\/p>\n<p><strong>Cijena: 13,75 EUR \/ pakiranje od 25 komada<\/strong><\/p>\n","protected":false},"featured_media":1757,"comment_status":"open","ping_status":"closed","template":"","meta":[],"product_cat":[63,34],"product_tag":[42,30,39],"class_list":{"0":"post-1767","1":"product","2":"type-product","3":"status-publish","4":"has-post-thumbnail","6":"product_cat-gotove-kuverte","7":"product_cat-svi-proizvodi","8":"product_tag-125175-mm","9":"product_tag-kuverta","10":"product_tag-s-utorom-za-zatvaranje","12":"first","13":"instock","14":"shipping-taxable","15":"purchasable","16":"product-type-simple"},"exclude_global_add_ons":[],"addons":[],"aioseo_notices":[],"_links":{"self":[{"href":"https:\/\/natura-kuverte.com\/index.php\/wp-json\/wp\/v2\/product\/1767","targetHints":{"allow":["GET"]}}],"collection":[{"href":"https:\/\/natura-kuverte.com\/index.php\/wp-json\/wp\/v2\/product"}],"about":[{"href":"https:\/\/natura-kuverte.com\/index.php\/wp-json\/wp\/v2\/types\/product"}],"replies":[{"embeddable":true,"href":"https:\/\/natura-kuverte.com\/index.php\/wp-json\/wp\/v2\/comments?post=1767"}],"wp:featuredmedia":[{"embeddable":true,"href":"https:\/\/natura-kuverte.com\/index.php\/wp-json\/wp\/v2\/media\/1757"}],"wp:attachment":[{"href":"https:\/\/natura-kuverte.com\/index.php\/wp-json\/wp\/v2\/media?parent=1767"}],"wp:term":[{"taxonomy":"product_cat","embeddable":true,"href":"https:\/\/natura-kuverte.com\/index.php\/wp-json\/wp\/v2\/product_cat?post=1767"},{"taxonomy":"product_tag","embeddable":true,"href":"https:\/\/natura-kuverte.com\/index.php\/wp-json\/wp\/v2\/product_tag?post=1767"}],"curies":[{"name":"wp","href":"https:\/\/api.w.org\/{rel}","templated":true}]}}