{"id":1764,"date":"2024-07-22T11:32:16","date_gmt":"2024-07-22T10:32:16","guid":{"rendered":"https:\/\/natura-kuverte.com\/?post_type=product&#038;p=1764"},"modified":"2026-02-08T08:19:54","modified_gmt":"2026-02-08T07:19:54","slug":"kuverta-1318-h-bijela-mat-pakiranje-25-kom","status":"publish","type":"product","link":"https:\/\/natura-kuverte.com\/index.php\/proizvod\/kuverta-1318-h-bijela-mat-pakiranje-25-kom\/","title":{"rendered":"Kuverta 13*18 H BIJELA MAT pakiranje 25 kom"},"content":{"rendered":"<p>Klasi\u010dna kuverta formata 13*18 cm.<\/p>\n","protected":false},"excerpt":{"rendered":"<h2>Pakiranje od 25 komada. Klasi\u010dna kuverta formata 13*18 cm.<\/h2>\n<p>Informacije o vremenu isporuke, dostavi i na\u010dinu pla\u0107anja mo\u017eete vidjeti <a title=\"INFORMACIJE\" href=\"https:\/\/natura-kuverte.com\/index.php\/informacije\/\">OVDJE<\/a>.<\/p>\n<p><strong>Cijena: 12,50 EUR \/ pakiranje od 25 komada<\/strong><\/p>\n","protected":false},"featured_media":1754,"comment_status":"open","ping_status":"closed","template":"","meta":[],"product_cat":[63,34],"product_tag":[38,30],"class_list":{"0":"post-1764","1":"product","2":"type-product","3":"status-publish","4":"has-post-thumbnail","6":"product_cat-gotove-kuverte","7":"product_cat-svi-proizvodi","8":"product_tag-1318-cm","9":"product_tag-kuverta","11":"first","12":"instock","13":"shipping-taxable","14":"purchasable","15":"product-type-simple"},"exclude_global_add_ons":[],"addons":[],"aioseo_notices":[],"_links":{"self":[{"href":"https:\/\/natura-kuverte.com\/index.php\/wp-json\/wp\/v2\/product\/1764","targetHints":{"allow":["GET"]}}],"collection":[{"href":"https:\/\/natura-kuverte.com\/index.php\/wp-json\/wp\/v2\/product"}],"about":[{"href":"https:\/\/natura-kuverte.com\/index.php\/wp-json\/wp\/v2\/types\/product"}],"replies":[{"embeddable":true,"href":"https:\/\/natura-kuverte.com\/index.php\/wp-json\/wp\/v2\/comments?post=1764"}],"wp:featuredmedia":[{"embeddable":true,"href":"https:\/\/natura-kuverte.com\/index.php\/wp-json\/wp\/v2\/media\/1754"}],"wp:attachment":[{"href":"https:\/\/natura-kuverte.com\/index.php\/wp-json\/wp\/v2\/media?parent=1764"}],"wp:term":[{"taxonomy":"product_cat","embeddable":true,"href":"https:\/\/natura-kuverte.com\/index.php\/wp-json\/wp\/v2\/product_cat?post=1764"},{"taxonomy":"product_tag","embeddable":true,"href":"https:\/\/natura-kuverte.com\/index.php\/wp-json\/wp\/v2\/product_tag?post=1764"}],"curies":[{"name":"wp","href":"https:\/\/api.w.org\/{rel}","templated":true}]}}