{"id":1743,"date":"2024-07-22T11:01:02","date_gmt":"2024-07-22T10:01:02","guid":{"rendered":"https:\/\/natura-kuverte.com\/?post_type=product&#038;p=1743"},"modified":"2026-02-08T08:20:43","modified_gmt":"2026-02-08T07:20:43","slug":"komplet-25-kom-kuverta-1318-iw-bez-natur","status":"publish","type":"product","link":"https:\/\/natura-kuverte.com\/index.php\/proizvod\/komplet-25-kom-kuverta-1318-iw-bez-natur\/","title":{"rendered":"Kuverta 13*18 IW BE\u017d NATUR pakiranje 25 kom"},"content":{"rendered":"<p>Klasi\u010dna kuverta formata 13*18 cm. Kuverta za pozivnice s mogu\u0107no\u0161\u0107u zatvaranja.<\/p>\n","protected":false},"excerpt":{"rendered":"<h2>Pakiranje od 25 komada. Klasi\u010dna kuverta formata 13*18 cm s mogu\u0107no\u0161\u0107u zatvaranja.<\/h2>\n<p>Informacije o vremenu isporuke, dostavi i na\u010dinu pla\u0107anja mo\u017eete vidjeti <a title=\"INFORMACIJE\" href=\"https:\/\/natura-kuverte.com\/index.php\/informacije\/\">OVDJE<\/a>.<\/p>\n<p><strong>Cijena: 15,00 EUR \/ pakiranje od 25 komada<\/strong><\/p>\n","protected":false},"featured_media":1753,"comment_status":"open","ping_status":"closed","template":"","meta":[],"product_cat":[63,34],"product_tag":[38,30,39],"class_list":{"0":"post-1743","1":"product","2":"type-product","3":"status-publish","4":"has-post-thumbnail","6":"product_cat-gotove-kuverte","7":"product_cat-svi-proizvodi","8":"product_tag-1318-cm","9":"product_tag-kuverta","10":"product_tag-s-utorom-za-zatvaranje","12":"first","13":"instock","14":"shipping-taxable","15":"purchasable","16":"product-type-simple"},"exclude_global_add_ons":[],"addons":[],"aioseo_notices":[],"_links":{"self":[{"href":"https:\/\/natura-kuverte.com\/index.php\/wp-json\/wp\/v2\/product\/1743","targetHints":{"allow":["GET"]}}],"collection":[{"href":"https:\/\/natura-kuverte.com\/index.php\/wp-json\/wp\/v2\/product"}],"about":[{"href":"https:\/\/natura-kuverte.com\/index.php\/wp-json\/wp\/v2\/types\/product"}],"replies":[{"embeddable":true,"href":"https:\/\/natura-kuverte.com\/index.php\/wp-json\/wp\/v2\/comments?post=1743"}],"wp:featuredmedia":[{"embeddable":true,"href":"https:\/\/natura-kuverte.com\/index.php\/wp-json\/wp\/v2\/media\/1753"}],"wp:attachment":[{"href":"https:\/\/natura-kuverte.com\/index.php\/wp-json\/wp\/v2\/media?parent=1743"}],"wp:term":[{"taxonomy":"product_cat","embeddable":true,"href":"https:\/\/natura-kuverte.com\/index.php\/wp-json\/wp\/v2\/product_cat?post=1743"},{"taxonomy":"product_tag","embeddable":true,"href":"https:\/\/natura-kuverte.com\/index.php\/wp-json\/wp\/v2\/product_tag?post=1743"}],"curies":[{"name":"wp","href":"https:\/\/api.w.org\/{rel}","templated":true}]}}