{"id":10,"date":"2022-11-14T16:30:08","date_gmt":"2022-11-14T15:30:08","guid":{"rendered":"https:\/\/natura-kuverte.com\/?page_id=10"},"modified":"2026-02-25T14:18:22","modified_gmt":"2026-02-25T13:18:22","slug":"informacije","status":"publish","type":"page","link":"https:\/\/natura-kuverte.com\/index.php\/informacije\/","title":{"rendered":"Informacije"},"content":{"rendered":"<h2 class=\"wp-block-heading\">PITANJA I ODGOVORI VEZANI UZ NARUD\u017dBU KUVERTI ZA POZIVNICE<\/h2><h3 class=\"wp-block-heading\"><strong><strong>Koliko vremena je potrebno za isporuku kuverti?<\/strong><\/strong><\/h3><ul class=\"wp-block-list\"><li>Kuverte sa zalihe \u0161aljemo sljede\u0107i radni dan nakon potvrde narud\u017ebe. Pregled ponude odmah dostupnih kuverti mo\u017eete vidjeti <a href=\"https:\/\/natura-kuverte.com\/index.php\/product-category\/svi-proizvodi\/gotove-kuverte\/\" title=\"\">OVDJE<\/a>. Gotove kuverte koje su spremne za isporuku dostupne su isklju\u010divo u pakiranjima od 25 komada.<\/li>\n\n<li>Kuverte  u kombinacijama oblika i boja koje nemamo na stanju izra\u0111ujemo po narud\u017ebi. Primjere svih kuverti dostpunih za izradu mo\u017eete vidjeti <a href=\"https:\/\/natura-kuverte.com\/index.php\/product-category\/svi-proizvodi\/kuverte\/\" title=\"\">OVDJE<\/a>. Uobi\u010dajeno vrijeme izrade i slanja kuverti je izme\u0111u 3 i 5 radnih dana, ovisno o aktualnim narud\u017ebama. Kuverte se izra\u0111uju u koli\u010dinama od 75 komada ili vi\u0161e. <\/li>\n\n<li>Narud\u017eba se smatra potvr\u0111enom po zaprimanju uplate ili potvrde o provedenom pla\u0107anju. Ako \u017eelite da Va\u0161a narud\u017eba bude evidentirana prije realizacije bankovne transakcije, mo\u017eete poslati potvrdu o provedenom pla\u0107anju na e-mail adresu info@foto-emotion.hr Kuverte ra\u0111ene po narud\u017ebi isporu\u010duju se kronolo\u0161ki, prema redoslijedu zaprimanja.<\/li><\/ul><h3 class=\"wp-block-heading\"><strong>Koje su mogu\u0107nosti dostave?<\/strong><\/h3><ul class=\"wp-block-list\"><li>Dostava se vr\u0161i kurirskom slu\u017ebom <a href=\"https:\/\/www.dpd.com\/hr\/hr\/primanje-paketa\/parcel-tracking\/\" target=\"_blank\" rel=\"noopener nofollow\" title=\"\">DPD<\/a>. Cijena dostave je 7,75 EUR za sva mjesta unutar Hrvatske i 14,75 EUR za Sloveniju. Vrijeme potrebno za dostavu je obi\u010dno jedan ili dva radna dana od slanja po\u0161iljke (za Sloveniju 2 do 3 radna dana). Subotom i nedjeljom kurirska slu\u017eba ne radi te se paketi ne isporu\u010duju. Prilikom slanja po\u0161iljke putem SMS-a \/ e-maila \u0107ete primiti broj paketa putem kojeg mo\u017eete pratiti po\u0161iljku. U slu\u010daju nemogu\u0107nosti preuzimanja po\u0161iljke, paket mo\u017eete preusmjeriti na najbli\u017eu <a href=\"https:\/\/www.dpd.com\/hr\/hr\/podrska\/cesto-postavljana-pitanja\/\" target=\"_blank\" rel=\"noopener\" title=\"\">DPD pickup<\/a> lokaciju.<\/li>\n\n<li>Za otoke i podru\u010dja rijetke naseljenosti, vrijeme dostave mo\u017ee biti produ\u017eeno.<\/li>\n\n<li>U predblagdanskim razdobljima i za vrijeme turisti\u010dke sezone, zbog ve\u0107e optere\u0107enosti kurirskih slu\u017ebi ili prometnih gu\u017evi, mogu\u0107e je dulje vrijeme isporuke \u0161to valja uzeti u obzir prilikom planiranja narud\u017ebe. <\/li><\/ul><h3 class=\"wp-block-heading\"><strong>Koje su minimalne koli\u010dine kuverti koje se mogu naru\u010diti?<\/strong><\/h3><ul class=\"wp-block-list\"><li><a href=\"https:\/\/natura-kuverte.com\/index.php\/product-category\/svi-proizvodi\/gotove-kuverte\/\" title=\"\">Gotove kuverte sa zalihe<\/a> pakirane su u pakete od 25 komada \u0161to je ujedno i minimalna koli\u010dina koja se mo\u017ee naru\u010diti.<\/li>\n\n<li><a href=\"https:\/\/natura-kuverte.com\/index.php\/product-category\/svi-proizvodi\/kuverte\/\" title=\"\">Kuverte koje izra\u0111ujemo prema zahtjevu klijenata<\/a> isporu\u010duju se u koli\u010dinama od 75 komada na dalje. <\/li><\/ul><h3 class=\"wp-block-heading\"><strong>Koje su cijene kuverti?<\/strong><\/h3><ul class=\"wp-block-list\"><li>Cijene svih artikala mo\u017eete vidjeti u <a href=\"https:\/\/natura-kuverte.com\/index.php\/shop\/\">galeriji proizvoda.<\/a><\/li><\/ul><h3 class=\"wp-block-heading\"><strong>Koje su mogu\u0107nosti pla\u0107anja?<\/strong><\/h3><ul class=\"wp-block-list\"><li>Pla\u0107anje mo\u017eete izvr\u0161iti internet bankarstvom ili op\u0107om uplatnicom prema ponudi koju primate putem e-maila nakon \u0161to zavr\u0161ite s narud\u017ebom.<\/li><\/ul><h3 class=\"wp-block-heading\"><strong>Imam pozivnice formata X * Y. Koji format kuverte je prikladan?<\/strong><\/h3><ul class=\"wp-block-list\"><li>Sve dimenzije <a href=\"https:\/\/natura-kuverte.com\/index.php\/shop\/\" title=\"\">prikazanih kuverti<\/a> ozna\u010davaju vanjske mjere. Sadr\u017eaj koji se stavlja u kuverte treba biti 5 do 10 mm manji od formata kuverti. Npr. Kuverte 13 * 18 cm su dimenzijama prilago\u0111ene standardnom B6 formatu pozivnica (120*170 mm ili 125*175 mm).<\/li><\/ul><h3 class=\"wp-block-heading\"><strong>Je li mogu\u0107e naru\u010diti kuverte u drugim bojama koje nisu prikazane u web shopu?<\/strong><\/h3><ul class=\"wp-block-list\"><li>Mogu\u0107a je narud\u017eba kuverti u drugim bojama ali samo za koli\u010dine iznad 3000 komada. Za upite vezane uz kuverte u drugim bojama, molimo javite se na e-mail adresu info@foto-emotion.hr Kuverte su dostupne u bojama; bijela mat, be\u017e natur, teksturirana akvarel, prljavo roza, sme\u0111a kraft, bordo, maslinasto zelena te crna mat.<\/li><\/ul><h3 class=\"wp-block-heading\"><strong>Je li mogu\u0107a narud\u017eba kuverti u dimenzijama koje nisu prikazane u web shopu?<\/strong><\/h3><ul class=\"wp-block-list\"><li>Mogu\u0107a je izrada kuverti u drugim dimenzijama i prilago\u0111enog dizajna za koli\u010dine od minimalno 3000 komada. Za izradu kuverti prilago\u0111enog dizajna i formata potrebna je izrada reznog alata i kalupa za ljepljenje. Cijena izrade reznog alata i kalupa je 275,00 EUR jednokratno. Nakon izrade kalupa, mogu\u0107a je isporuka kuverti prilago\u0111enog oblika u neograni\u010denim koli\u010dinama. Maksimalni formati su do 22*16 cm. Za upite vezane uz kuverte prilago\u0111enih oblika, <a href=\"https:\/\/natura-kuverte.com\/index.php\/kontakt\/\" title=\"\">molimo javite se<\/a> na e-mail adresu info@foto-emotion.hr Kuverte je mogu\u0107e izraditi u formatima; 23*11 cm, 21,5*11 cm, 17,5*12,5 cm, 13*18 cm, 11*16 cm, 14*13 cm, 15*15 cm, 16*16 cm, 11,5*9,5 cm, 8*13 cm i 6*10 cm.<\/li><\/ul><h3 class=\"wp-block-heading\"><strong>Nudite li uz kuverte i tisak pozivnica za vjen\u010danja?<\/strong><\/h3><ul class=\"wp-block-list\"><li>Imate ve\u0107 gotov dizajn pozivnice u Canvi ili drugim grafi\u010dkim programima i trebate samo tisak? Rado \u0107emo tiskati dizajn koji ste pripremili te uz pozivnice mo\u017eemo isporu\u010diti kuverte iz na\u0161e ponude. Za narud\u017ebu tiska pozivnica prema Va\u0161em dizajnu posjetite <a href=\"https:\/\/www.iziwedd.com\/tisak-vaseg-dizajna\/\" target=\"_blank\" rel=\"noopener\" title=\"\">www.iziwedd.com<\/a><\/li>\n\n<li>Pozivnice za vjen\u010danje, zahvalnice, oznake za stolove i ostale tiskane materijale vezane uz vjen\u010danja mo\u017eete vidjeti na na\u0161im web stranicama <a href=\"https:\/\/www.emotion-grafika.com\/\" title=\"\">www.emotion-grafika.com<\/a> Tu \u0107ete prona\u0107i <a href=\"https:\/\/www.emotion-grafika.com\/pozivnice-za-vjencanje\/\" title=\"\">pozivnice od teksturiranog akvarel papira<\/a>, etui zahvalnice, <a href=\"https:\/\/www.emotion-grafika.com\/zlatotisak\/\" title=\"\">zlatotisak<\/a>, <a href=\"https:\/\/www.emotion-grafika.com\/vostani-pecati\/\" title=\"\">personalizirane vo\u0161tane pe\u010date<\/a> itd&#8230; Uz ve\u0107inu pozivnica isporu\u010duju se kuverte iz serije <strong>Natura kuverte<\/strong>.<\/li>\n\n<li>Tra\u017eite li povoljnije pozivnice, na na\u0161im web stranicama <a href=\"https:\/\/www.iziwedd.com\/\" title=\"\">www.iziwedd.com<\/a> mo\u017eete prona\u0107i <a href=\"https:\/\/www.iziwedd.com\/pozivnice\/\" title=\"\">tipske pozivnice s digitalnim tiskom<\/a>, tipske zahvalnice, jelovnike, privjesnice i brojeve za stolove. Uz pozivnice isporu\u010duju se kuverte <a href=\"https:\/\/natura-kuverte.com\/index.php\/product\/kuverta-13-x-18-cm-iw\/\" title=\"\">13*18 IW<\/a> iz na\u0161eg <a href=\"https:\/\/natura-kuverte.com\/index.php\/shop\/\" title=\"\">web shopa<\/a>. <\/li><\/ul><h3 class=\"wp-block-heading\"><strong>Je li u prikazane cijene uklju\u010den PDV?<\/strong><\/h3><ul class=\"wp-block-list\"><li>Nismo u sustavu PDV-a i sve prikazane cijene su kona\u010dne za pla\u0107anje. Izdajemo R2 ra\u010dune te na temeljnu izdanih ra\u010duna nije mogu\u0107 odbitak PDV-a. <\/li><\/ul><h3 class=\"wp-block-heading\"><strong>Je li mogu\u0107a zamjena kuverti ili povratak upla\u0107enog iznosa za artikle koji su pogre\u0161no naru\u010deni?<\/strong><\/h3><ul class=\"wp-block-list\"><li>Kuverte i drugi artikli iz prikazane ponude koji se  izra\u0111uju u koli\u010dini, boji i vrsti prema zahtjevu kupca smatraju se personaliziranim proizvodom. Zamjena i povrat su stoga mogu\u0107i isklju\u010divo prije izrade pla\u0107enih\/naru\u010denih artikala. Nakon izrade artikala prema zahtjevu klijenta, povrat i zamjena vi\u0161e nisu mogu\u0107i.<\/li><\/ul>","protected":false},"excerpt":{"rendered":"<p>PITANJA I ODGOVORI VEZANI UZ NARUD\u017dBU KUVERTI ZA POZIVNICE Koliko vremena je potrebno za isporuku kuverti? Koje su mogu\u0107nosti dostave? Koje su minimalne koli\u010dine kuverti koje se mogu naru\u010diti? Koje su cijene kuverti? Koje su mogu\u0107nosti pla\u0107anja? Imam pozivnice formata X * Y. Koji format kuverte je prikladan? Je li mogu\u0107e naru\u010diti kuverte u drugim [&hellip;]<\/p>\n","protected":false},"author":1,"featured_media":0,"parent":0,"menu_order":0,"comment_status":"closed","ping_status":"closed","template":"","meta":{"footnotes":""},"class_list":["post-10","page","type-page","status-publish","hentry"],"aioseo_notices":[],"_links":{"self":[{"href":"https:\/\/natura-kuverte.com\/index.php\/wp-json\/wp\/v2\/pages\/10","targetHints":{"allow":["GET"]}}],"collection":[{"href":"https:\/\/natura-kuverte.com\/index.php\/wp-json\/wp\/v2\/pages"}],"about":[{"href":"https:\/\/natura-kuverte.com\/index.php\/wp-json\/wp\/v2\/types\/page"}],"author":[{"embeddable":true,"href":"https:\/\/natura-kuverte.com\/index.php\/wp-json\/wp\/v2\/users\/1"}],"replies":[{"embeddable":true,"href":"https:\/\/natura-kuverte.com\/index.php\/wp-json\/wp\/v2\/comments?post=10"}],"version-history":[{"count":58,"href":"https:\/\/natura-kuverte.com\/index.php\/wp-json\/wp\/v2\/pages\/10\/revisions"}],"predecessor-version":[{"id":2449,"href":"https:\/\/natura-kuverte.com\/index.php\/wp-json\/wp\/v2\/pages\/10\/revisions\/2449"}],"wp:attachment":[{"href":"https:\/\/natura-kuverte.com\/index.php\/wp-json\/wp\/v2\/media?parent=10"}],"curies":[{"name":"wp","href":"https:\/\/api.w.org\/{rel}","templated":true}]}}